{"id":24,"date":"2017-03-09T10:51:57","date_gmt":"2017-03-09T10:51:57","guid":{"rendered":"http:\/\/urzynski-bau.eu\/wordpress\/?page_id=24"},"modified":"2017-03-09T10:51:57","modified_gmt":"2017-03-09T10:51:57","slug":"leistungen","status":"publish","type":"page","link":"https:\/\/urzynski-bau.eu\/index.php\/leistungen\/","title":{"rendered":"Leistungen"},"content":{"rendered":"<p>Unsere Leistungen umfassen das gesamte Spektrum der im Bau beim Umbau oder der Sanierung anfallenden Arbeiten:<\/p>\n<ul>\n<li>Altbausanierung<\/li>\n<li>Neubau<\/li>\n<li>Fliesen, Platten, Mosaik<\/li>\n<li>Trockenbau<\/li>\n<li>Elektro<\/li>\n<li>Maler- und Tapezierarbeiten<\/li>\n<li>WDVS (W\u00e4rmed\u00e4mmverbundsystem)<\/li>\n<li>Innen- und Au\u00dfenputz<\/li>\n<li>Garten- und Landschaftsbau<\/li>\n<\/ul>\n","protected":false},"excerpt":{"rendered":"<p>Unsere Leistungen umfassen das gesamte Spektrum der im Bau beim Umbau oder der Sanierung anfallenden Arbeiten: Altbausanierung Neubau Fliesen, Platten, Mosaik Trockenbau Elektro Maler- und Tapezierarbeiten WDVS (W\u00e4rmed\u00e4mmverbundsystem) Innen- und Au\u00dfenputz Garten- und Landschaftsbau<\/p>\n","protected":false},"author":1,"featured_media":0,"parent":0,"menu_order":0,"comment_status":"closed","ping_status":"closed","template":"","meta":{"footnotes":""},"class_list":["post-24","page","type-page","status-publish","czr-hentry"],"_links":{"self":[{"href":"https:\/\/urzynski-bau.eu\/index.php\/wp-json\/wp\/v2\/pages\/24","targetHints":{"allow":["GET"]}}],"collection":[{"href":"https:\/\/urzynski-bau.eu\/index.php\/wp-json\/wp\/v2\/pages"}],"about":[{"href":"https:\/\/urzynski-bau.eu\/index.php\/wp-json\/wp\/v2\/types\/page"}],"author":[{"embeddable":true,"href":"https:\/\/urzynski-bau.eu\/index.php\/wp-json\/wp\/v2\/users\/1"}],"replies":[{"embeddable":true,"href":"https:\/\/urzynski-bau.eu\/index.php\/wp-json\/wp\/v2\/comments?post=24"}],"version-history":[{"count":0,"href":"https:\/\/urzynski-bau.eu\/index.php\/wp-json\/wp\/v2\/pages\/24\/revisions"}],"wp:attachment":[{"href":"https:\/\/urzynski-bau.eu\/index.php\/wp-json\/wp\/v2\/media?parent=24"}],"curies":[{"name":"wp","href":"https:\/\/api.w.org\/{rel}","templated":true}]}}