{"id":204,"date":"2016-05-10T03:48:21","date_gmt":"2016-05-10T03:48:21","guid":{"rendered":"http:\/\/wp452m.a10-52-158-154.qa.plesk.ru\/wordpress\/?page_id=2"},"modified":"2016-05-10T03:48:21","modified_gmt":"2016-05-10T03:48:21","slug":"sample-page","status":"publish","type":"page","link":"https:\/\/urzynski-bau.eu\/","title":{"rendered":"\u00dcber uns"},"content":{"rendered":"<p><strong>Wir sind Ihr Fachbetrieb f\u00fcr Renovierungen aller Art.<\/strong><\/p>\n<ul>\n<li>Sie m\u00f6chten ein Objekt umbauen, modernisieren oder vollst\u00e4ndig sanieren<\/li>\n<li>Sie m\u00f6chten gerne alles aus einer Hand und sich nicht um die Details k\u00fcmmern<\/li>\n<li>Die Arbeiten sollen fachgerecht, zuverl\u00e4ssig und qualitativ hochwertig durchgef\u00fchrt und termingerecht abgeliefert werden<\/li>\n<\/ul>\n<p>Dann sind Sie bei uns richtig, wir helfen Ihnen!<\/p>\n","protected":false},"excerpt":{"rendered":"<p>Wir sind Ihr Fachbetrieb f\u00fcr Renovierungen aller Art. Sie m\u00f6chten ein Objekt umbauen, modernisieren oder vollst\u00e4ndig sanieren Sie m\u00f6chten gerne alles aus einer Hand und sich nicht um die Details k\u00fcmmern Die Arbeiten sollen fachgerecht, zuverl\u00e4ssig und qualitativ hochwertig durchgef\u00fchrt und termingerecht abgeliefert werden Dann sind Sie bei uns richtig, wir helfen Ihnen!<\/p>\n","protected":false},"author":1,"featured_media":0,"parent":0,"menu_order":0,"comment_status":"closed","ping_status":"closed","template":"","meta":{"footnotes":""},"class_list":["post-204","page","type-page","status-publish","czr-hentry"],"_links":{"self":[{"href":"https:\/\/urzynski-bau.eu\/index.php\/wp-json\/wp\/v2\/pages\/204","targetHints":{"allow":["GET"]}}],"collection":[{"href":"https:\/\/urzynski-bau.eu\/index.php\/wp-json\/wp\/v2\/pages"}],"about":[{"href":"https:\/\/urzynski-bau.eu\/index.php\/wp-json\/wp\/v2\/types\/page"}],"author":[{"embeddable":true,"href":"https:\/\/urzynski-bau.eu\/index.php\/wp-json\/wp\/v2\/users\/1"}],"replies":[{"embeddable":true,"href":"https:\/\/urzynski-bau.eu\/index.php\/wp-json\/wp\/v2\/comments?post=204"}],"version-history":[{"count":1,"href":"https:\/\/urzynski-bau.eu\/index.php\/wp-json\/wp\/v2\/pages\/204\/revisions"}],"predecessor-version":[{"id":306,"href":"https:\/\/urzynski-bau.eu\/index.php\/wp-json\/wp\/v2\/pages\/204\/revisions\/306"}],"wp:attachment":[{"href":"https:\/\/urzynski-bau.eu\/index.php\/wp-json\/wp\/v2\/media?parent=204"}],"curies":[{"name":"wp","href":"https:\/\/api.w.org\/{rel}","templated":true}]}}